{"id":246,"date":"2021-03-07T14:04:49","date_gmt":"2021-03-07T14:04:49","guid":{"rendered":"https:\/\/ajzmazyskw.onrocket.site\/?page_id=246"},"modified":"2025-11-30T23:54:29","modified_gmt":"2025-11-30T20:54:29","slug":"contact","status":"publish","type":"page","link":"https:\/\/viproyalestate.com\/sv\/contact\/","title":{"rendered":"Kontakta Oss"},"content":{"rendered":"<p>[vc_row][vc_column][vc_column_text]<\/p>\n<h2 data-start=\"395\" data-end=\"433\"><strong data-start=\"395\" data-end=\"433\">VIP ROYAL ESTATE-platsen p\u00e5 Google<\/strong><\/h2>\n<p>[\/vc_column_text][vc_gmaps link=&#8221;#E-8_JTNDaWZyYW1lJTIwc3JjJTNEJTIyaHR0cHMlM0ElMkYlMkZ3d3cuZ29vZ2xlLmNvbSUyRm1hcHMlMkZlbWJlZCUzRnBiJTNEJTIxMW0xOCUyMTFtMTIlMjExbTMlMjExZDMxOTEuNjg1NzYzNDgxNDAyJTIxMmQzMC43MTgyMzE4NzUzMDY1MDQlMjEzZDM2Ljg3MzkzOTc2MzU0MDE1JTIxMm0zJTIxMWYwJTIxMmYwJTIxM2YwJTIxM20yJTIxMWkxMDI0JTIxMmk3NjglMjE0ZjEzLjElMjEzbTMlMjExbTIlMjExczB4MTRjMzliZmNhYTNhNzk4MSUyNTNBMHgxZmJiZDY3MDYzZGUxNThlJTIxMnNST1lBTCUyNTIwQU5UTEFZQSUyNTIwTFVYVVJZJTIxNWUwJTIxM20yJTIxMXN0ciUyMTJzdHIlMjE0djE3NTM3NzUwNTYyMjclMjE1bTIlMjExc3RyJTIxMnN0ciUyMiUyMHdpZHRoJTNEJTIyNjAwJTIyJTIwaGVpZ2h0JTNEJTIyNDUwJTIyJTIwc3R5bGUlM0QlMjJib3JkZXIlM0EwJTNCJTIyJTIwYWxsb3dmdWxsc2NyZWVuJTNEJTIyJTIyJTIwbG9hZGluZyUzRCUyMmxhenklMjIlMjByZWZlcnJlcnBvbGljeSUzRCUyMm5vLXJlZmVycmVyLXdoZW4tZG93bmdyYWRlJTIyJTNFJTNDJTJGaWZyYW1lJTNF&#8221; css_animation=&#8221;none&#8221;][\/vc_column][\/vc_row][vc_row][vc_column][vc_empty_space height=&#8221;102px&#8221;][\/vc_column][\/vc_row][vc_row][vc_column][vc_column_text]<\/p>\n<h2 data-start=\"622\" data-end=\"680\"><strong data-start=\"622\" data-end=\"680\">F\u00f6r att f\u00e5 gratis r\u00e5dgivning, fyll i formul\u00e4ret nedan.<\/strong><\/h2>\n<p>[\/vc_column_text]            <div class=\"col-md-12 estate-footer-form contact-box-wrapper\">\n                <div class=\"row\">\n                    <div class=\"col-12 col-md-5 info-area\">\n                       <div class=\"barana-section-title-title-container\">\n                            <h2 class=\"barana-section-title-title\">Kontaktuppgifter <\/h2>\n                       <\/div>\n                       <ul class=\"info-contact-items\">\n                                <li>\n                                     <span class=\"retrina-iconlist-icon\"><\/span>\n                                     <span class=\"retrina-iconlist-text\"><\/span>\n                                <\/li>\n                                <li>\n                                    <a href=\"\">\n                                        <span class=\"retrina-iconlist-icon\"><\/span>\n                                        <span class=\"retrina-iconlist-text\"><\/span>\n                                    <\/a>\n                                <\/li>\n                                <li>\n                                    <a href=\"\">\n                                        <span class=\"retrina-iconlist-icon\"><\/span>\n                                        <span class=\"retrina-iconlist-text\" style=\"direction: ltr !important; display: inline-block;    padding-right: 20px;\"><\/span>\n                                    <\/a>\n                                <\/li>\n                                <li>\n                                    <span class=\"retrina-iconlist-icon\"><i class=\"far fa-clock\"><\/i><\/span>\n                                    <span class=\"retrina-iconlist-text\">M\u00e5ndag - fredag <span style=\"direction: ltr !important; display: inline-block;\">9:00 - 18:00<\/span><\/span>\n                                <\/li>\n                        <\/ul>\n\n                        <ul class=\"social-contact-items\">\n                            <li>\n                                <a target=\"_blank\" class=\"social-btn\" href=\"\"><\/a>\n                            <\/li>\n                            <li>\n                                <a target=\"_blank\" class=\"social-btn\" href=\"\"><\/a>\n                            <\/li>\n                                                        <li>\n                                <a target=\"_blank\" class=\"social-btn instagram-btn\" href=\"https:\/\/www.instagram.com\/vip_royal_estate?igsh=NDZwZzZsbXc5ZGF0\" rel=\"noopener\"><i class=\"fab fa-instagram\"><\/i><\/a>\n                            <\/li>\n                                                        <li>\n                                <a target=\"_blank\" class=\"social-btn youtube-btn\" href=\"https:\/\/www.youtube.com\/@viproyalestate\" rel=\"noopener\"><i class=\"fab fa-youtube\"><\/i><\/a>\n                            <\/li>\n                                                        <li>\n                                <a target=\"_blank\" class=\"social-btn facebook-btn\" href=\"https:\/\/www.facebook.com\/profile.php?id=100093434742451\" rel=\"noopener\"><i class=\"fab fa-facebook-f\"><\/i><\/a>\n                            <\/li>\n                                                    <\/ul>\n                    <\/div>\n                    <div class=\"col-12 col-md-7 form-area\">\n                        <div class=\"barana-section-title-subtitle\"> Ring oss <\/div>\n                        <div class=\"barana-section-title-title-container\">\n                            <h2 class=\"barana-section-title-title\"> Gratis konsultationsformul\u00e4r <\/h2>\n                                <\/div>\n                        \n<div class=\"wpcf7 no-js\" id=\"wpcf7-f50251-o4\" lang=\"sv-SE\" dir=\"ltr\" data-wpcf7-id=\"50251\">\n<div class=\"screen-reader-response\"><p role=\"status\" aria-live=\"polite\" aria-atomic=\"true\"><\/p> <ul><\/ul><\/div>\n<form action=\"\/sv\/wp-json\/wp\/v2\/pages\/246#wpcf7-f50251-o4\" method=\"post\" class=\"wpcf7-form init\" aria-label=\"Kontaktformul\u00e4r\" novalidate=\"novalidate\" data-status=\"init\">\n<fieldset class=\"hidden-fields-container\"><input type=\"hidden\" name=\"_wpcf7\" value=\"50251\" \/><input type=\"hidden\" name=\"_wpcf7_version\" value=\"6.1.5\" \/><input type=\"hidden\" name=\"_wpcf7_locale\" value=\"sv_SE\" \/><input type=\"hidden\" name=\"_wpcf7_unit_tag\" value=\"wpcf7-f50251-o4\" \/><input type=\"hidden\" name=\"_wpcf7_container_post\" value=\"0\" \/><input type=\"hidden\" name=\"_wpcf7_posted_data_hash\" value=\"\" \/><input type=\"hidden\" name=\"_wpcf7_recaptcha_response\" value=\"\" \/>\n<\/fieldset>\n<p>Fr\u00e5ga om den h\u00e4r fastigheten\n<\/p>\n<p><span class=\"wpcf7-form-control-wrap\" data-name=\"your-name\"><input size=\"40\" maxlength=\"400\" class=\"wpcf7-form-control wpcf7-text wpcf7-validates-as-required name\" aria-required=\"true\" aria-invalid=\"false\" placeholder=\"Namn*\" value=\"\" type=\"text\" name=\"your-name\" \/><\/span><br \/>\n<span class=\"wpcf7-form-control-wrap\" data-name=\"your-email\"><input size=\"40\" maxlength=\"400\" class=\"wpcf7-form-control wpcf7-email wpcf7-validates-as-required wpcf7-text wpcf7-validates-as-email email\" aria-required=\"true\" aria-invalid=\"false\" placeholder=\"E-post*\" value=\"\" type=\"email\" name=\"your-email\" \/><\/span><br \/>\n<span class=\"wpcf7-form-control-wrap\" data-name=\"your-phone\"><input size=\"40\" class=\"wpcf7-form-control wpcf7-phonetext wpcf7-validates-as-required wpcf7-text wpcf7-validates-as-phonetext\" aria-required=\"true\" aria-invalid=\"false\" placeholder=\"Telefon*\" value=\"\" type=\"text\" name=\"your-phone\" \/><input type=\"hidden\" name=\"your-phone-country-code\" class=\"wpcf7-phonetext-country-code\" \/><\/span><br \/>\n<span class=\"wpcf7-form-control-wrap\" data-name=\"your-question\"><textarea cols=\"40\" rows=\"10\" maxlength=\"2000\" class=\"wpcf7-form-control wpcf7-textarea wpcf7-validates-as-required question\" aria-required=\"true\" aria-invalid=\"false\" placeholder=\"N\u00e5gra fr\u00e5gor?\" name=\"your-question\"><\/textarea><\/span>\n<\/p>\n<div class=\"form-bottom\">\n\t<p><span class=\"wpcf7-form-control-wrap\" data-name=\"terms\"><span class=\"wpcf7-form-control wpcf7-checkbox wpcf7-validates-as-required\"><span class=\"wpcf7-list-item first last\"><label><input type=\"checkbox\" name=\"terms[]\" value=\"Jag har l\u00e4st och accepterar\" \/><span class=\"wpcf7-list-item-label\">Jag har l\u00e4st och accepterar<\/span><\/label><\/span><\/span><\/span><a target=\"_blank\" href=\"\/privacy-policy\/\">Anv\u00e4ndarvillkor.<\/a>\n\t<\/p>\n<\/div>\n<p><input class=\"wpcf7-form-control wpcf7-submit has-spinner\" type=\"submit\" value=\"Skicka\" \/>\n<\/p><div class=\"wpcf7-response-output\" aria-hidden=\"true\"><\/div>\n<\/form>\n<\/div>\n\n                    <\/div>\n                <\/div>\n            <\/div>\n\n            <style>\n                .estate-footer-form .info-area .barana-section-title-title {\n                    display: inline-block;\n                    font-weight: 500;\n                    color: #242424;\n                    font-size: 42px;\n                    margin-bottom: 20px;\n                }\n                .estate-footer-form .info-area .retrina-iconlist-icon i {\n                    font-size: 30px;\n                    color: #242424;\n                }\n                .estate-footer-form .info-area .social-contact-items { text-align: center; }\n                .estate-footer-form .info-area .social-contact-items li {\n                    display: inline-block;\n                    margin: 0px 8px;\n                }\n                .estate-footer-form .info-area .social-contact-items li a i {color: #121212;font-size: 18px; }\n\n                .estate-footer-form .info-area .info-contact-items li {\n                    display: flex;\n                    align-items: center;\n                    list-style: none;\n                    position: relative;\n                    flex-direction: row;\n                    justify-content: start;\n                    margin-top: 12px;\n                    padding-bottom: 12px;\n                    width: 100%;\n                }\n                .estate-footer-form .info-area .info-contact-items li a {\n                    text-decoration: none;\n                    display: flex;\n                    align-items: center;\n                    flex-direction: row;\n                    justify-content: start;\n                    width: 100%;\n                }\n\n                .estate-footer-form .info-area .info-contact-items li {\n                    margin-top: 12px;\n                    padding-bottom: 22px;\n                }\n                .estate-footer-form .info-area .retrina-iconlist-text {\n                    color: rgba(6.999999999999999, 27.999999999999996, 53, 1);\n                    padding-inline-start: 20px;\n                    font-size: 18px;\n                    font-size: 16px;\n                    line-height: 1.6;\n                }\n                .estate-footer-form .form-area .barana-section-title-subtitle {\n                    display: inline-block;\n                    margin-bottom: 10px;\n                    font-size: 14px;\n                    color: rgba(255, 255, 255, 1);\n                    font-size: 16px;\n                }\n                .estate-footer-form .form-area .barana-section-title-title {\n                    display: inline-block;\n                    margin-bottom: 0;\n                    font-weight: 600;\n                    color: rgba(255, 255, 255, 1);\n                    font-size: 42px;\n                    margin-bottom: 17px\n                }\n                .estate-footer-form {\n                    position: relative;\n                        background: url(https:\/\/viproyalestate.com\/wp-content\/themes\/nth-child\/image-06.webp);\n                        background-repeat: no-repeat;\n                        background-size: cover;\n                        background-position: center center;\n                        border-top-left-radius: 16px;\n                        border-top-right-radius: 16px;\n                        border-bottom-left-radius: 16px;\n                        border-bottom-right-radius: 16px;\n                        padding-left: 30px !important;\n                        padding-right: 30px !important;\n                        padding-top: 18px !important;\n                        padding-bottom: 18px !important;\n                        margin-top: 100px !important;\n                        margin-bottom: 100px !important;\n                }\n                .contact-box-wrapper:before {\n                    content: \"\";\n                    position: absolute;\n                    top: 0;\n                    left: 0;\n                    height: 100%;\n                    width: 100%;\n                    background: radial-gradient(43% 90% at 100%, rgb(42 60 68 \/ 0%) 0, rgb(7 28 53 \/ 4%) 66.59%, rgb(7 28 53 \/ 50%) 99.98%), linear-gradient(-120deg, rgb(7 28 53 \/ 98%) 15%, rgb(7 28 53 \/ 5%) 62%);\n                    border-radius: 16px;\n                }\n                .contact-box-wrapper .info-area {\n                        position: relative;\n                    background: none;\n                    background-color: rgba(255, 255, 255, 1);\n                    border-top-left-radius: 16px;\n                    border-top-right-radius: 16px;\n                    border-bottom-left-radius: 16px;\n                    border-bottom-right-radius: 16px;\n                    padding-left: 30px !important;\n                    padding-right: 30px !important;\n                    padding-top: 30px !important;\n                    padding-bottom: 30px !important;\n                }\n\n                .estate-footer-form .form-area {  }\n                .estate-footer-form .form-area .wpcf7-form input[type=text],\n                .estate-footer-form .form-area .wpcf7-form input[type=email],\n                .estate-footer-form .form-area .wpcf7-form textarea {\n                    border-radius: 5px;\n                    background: transparent;\n                    color: #fff;\n                    border: 1px solid #d4d4d4;\n                    max-height: 100px;\n                }\n                .estate-footer-form .form-area .wpcf7-form textarea  {\n                    margin-top:8px;\n                }\n                .estate-footer-form .form-area .hidden-fields-container + p {\n                    display: none;\n                }\n                @media only screen and (min-width: 992px) {\n                .estate-footer-form .form-area {\n                    padding: 15px 45px;\n                }\n                }\n                .estate-footer-form .form-area .wpcf7-form input[type=text]::placeholder,\n                .estate-footer-form .form-area .wpcf7-form input[type=email]::placeholder,\n                .estate-footer-form .form-area .wpcf7-form textarea::placeholder {\n                    color:#d4d4d4;\n                }\n                .estate-footer-form .form-area .intl-tel-input.separate-dial-code .selected-dial-code {\n                    color:#d4d4d4;\n\n                }\n                .estate-footer-form .form-area .wpcf7-list-item-label {\n                      color:#d4d4d4;\n                      margin: 0px 5px;\n                }\n                .estate-footer-form .form-area br {\n                    display: none;\n                }\n\n                .estate-footer-form .form-area [type=\"submit\"].wpcf7-submit{\n                   border-radius: 5px;\n                    background: #00aeef !important;\n                    border-color: #00aeef !important;\n                    color: #fff !important;\n                    padding: 17px 40px;\n                    font-size: 16px;\n                    line-height: 22px !important;\n                    outline: none !important;\n                    box-shadow: none;\n                }\n\n            <\/style>\n    [\/vc_column][\/vc_row]<\/p>","protected":false},"excerpt":{"rendered":"<p>[vc_row][vc_column][vc_column_text] VIP ROYAL ESTATE-platsen p\u00e5 Google [\/vc_column_text][vc_gmaps link=&#8221;#E-8_JTNDaWZyYW1lJTIwc3JjJTNEJTIyaHR0cHMlM0ElMkYlMkZ3d3cuZ29vZ2xlLmNvbSUyRm1hcHMlMkZlbWJlZCUzRnBiJTNEJTIxMW0xOCUyMTFtMTIlMjExbTMlMjExZDMxOTEuNjg1NzYzNDgxNDAyJTIxMmQzMC43MTgyMzE4NzUzMDY1MDQlMjEzZDM2Ljg3MzkzOTc2MzU0MDE1JTIxMm0zJTIxMWYwJTIxMmYwJTIxM2YwJTIxM20yJTIxMWkxMDI0JTIxMmk3NjglMjE0ZjEzLjElMjEzbTMlMjExbTIlMjExczB4MTRjMzliZmNhYTNhNzk4MSUyNTNBMHgxZmJiZDY3MDYzZGUxNThlJTIxMnNST1lBTCUyNTIwQU5UTEFZQSUyNTIwTFVYVVJZJTIxNWUwJTIxM20yJTIxMXN0ciUyMTJzdHIlMjE0djE3NTM3NzUwNTYyMjclMjE1bTIlMjExc3RyJTIxMnN0ciUyMiUyMHdpZHRoJTNEJTIyNjAwJTIyJTIwaGVpZ2h0JTNEJTIyNDUwJTIyJTIwc3R5bGUlM0QlMjJib3JkZXIlM0EwJTNCJTIyJTIwYWxsb3dmdWxsc2NyZWVuJTNEJTIyJTIyJTIwbG9hZGluZyUzRCUyMmxhenklMjIlMjByZWZlcnJlcnBvbGljeSUzRCUyMm5vLXJlZmVycmVyLXdoZW4tZG93bmdyYWRlJTIyJTNFJTNDJTJGaWZyYW1lJTNF&#8221; css_animation=&#8221;none&#8221;][\/vc_column][\/vc_row][vc_row][vc_column][vc_empty_space height=&#8221;102px&#8221;][\/vc_column][\/vc_row][vc_row][vc_column][vc_column_text] F\u00f6r att f\u00e5 gratis r\u00e5dgivning, fyll i formul\u00e4ret nedan. [\/vc_column_text][\/vc_column][\/vc_row]<\/p>\n","protected":false},"author":5,"featured_media":0,"parent":0,"menu_order":0,"comment_status":"closed","ping_status":"closed","template":"","meta":{"inline_featured_image":false,"footnotes":""},"class_list":["post-246","page","type-page","status-publish","hentry"],"_links":{"self":[{"href":"https:\/\/viproyalestate.com\/sv\/wp-json\/wp\/v2\/pages\/246","targetHints":{"allow":["GET"]}}],"collection":[{"href":"https:\/\/viproyalestate.com\/sv\/wp-json\/wp\/v2\/pages"}],"about":[{"href":"https:\/\/viproyalestate.com\/sv\/wp-json\/wp\/v2\/types\/page"}],"author":[{"embeddable":true,"href":"https:\/\/viproyalestate.com\/sv\/wp-json\/wp\/v2\/users\/5"}],"replies":[{"embeddable":true,"href":"https:\/\/viproyalestate.com\/sv\/wp-json\/wp\/v2\/comments?post=246"}],"version-history":[{"count":16,"href":"https:\/\/viproyalestate.com\/sv\/wp-json\/wp\/v2\/pages\/246\/revisions"}],"predecessor-version":[{"id":54259,"href":"https:\/\/viproyalestate.com\/sv\/wp-json\/wp\/v2\/pages\/246\/revisions\/54259"}],"wp:attachment":[{"href":"https:\/\/viproyalestate.com\/sv\/wp-json\/wp\/v2\/media?parent=246"}],"curies":[{"name":"wp","href":"https:\/\/api.w.org\/{rel}","templated":true}]}}