{"id":28349,"date":"2023-04-17T10:32:57","date_gmt":"2023-04-17T07:32:57","guid":{"rendered":"https:\/\/ajzmazyskw.onrocket.site\/?page_id=28349"},"modified":"2025-12-06T00:11:51","modified_gmt":"2025-12-05T21:11:51","slug":"work-with-us-vip-royal-estate","status":"publish","type":"page","link":"https:\/\/viproyalestate.com\/tr\/work-with-us-vip-royal-estate\/","title":{"rendered":"Bizimle \u00e7al\u0131\u015f\u0131n"},"content":{"rendered":"<p>[vc_row full_width=&#8221;stretch_row_content_no_spaces&#8221; parallax=&#8221;content-moving&#8221; parallax_image=&#8221;50252&#8243; el_id=&#8221;p-header&#8221;][vc_column][vc_empty_space height=&#8221;150px&#8221;][vc_row_inner el_class=&#8221;container&#8221;][vc_column_inner][vc_custom_heading text=&#8221;Vip Royal Estate is hiring in Antalya!&#8221; font_container=&#8221;tag:h2|font_size:45px|text_align:left&#8221; use_theme_fonts=&#8221;yes&#8221;][\/vc_column_inner][\/vc_row_inner][vc_empty_space height=&#8221;150px&#8221;][\/vc_column][\/vc_row][vc_row][vc_column][vc_custom_heading text=&#8221;Job Descriptions for Real Estate Positions at Vip Royal Antalya&#8221; font_container=&#8221;tag:h2|text_align:left|color:%23000000&#8243; use_theme_fonts=&#8221;yes&#8221;][vc_column_text]Vip Royal Estate is hiring Antalya residents to complete its team.[\/vc_column_text][\/vc_column][\/vc_row][vc_row][vc_column width=&#8221;1\/3&#8243;][vc_column_text]<\/p>\n<div class=\"job-box-wrapper\">\n<ul class=\"barana-list\">\n<li><span class=\"barana-list-text\">Gayrimenkul Dan\u0131\u015fman\u0131 Al\u0131m \u015eartlar\u0131<\/span><\/li>\n<li><i class=\"bi bi-check-lg\"><\/i><span class=\"barana-list-text\">Antalya\u2019da ikamet etmesi veya Antalya\u2019ya ta\u015f\u0131nmaya istekli olmas\u0131<\/span><\/li>\n<li><i class=\"bi bi-check-lg\"><\/i><span class=\"barana-list-text\">\u0130ngilizce veya Rus\u00e7a bilmesi (Almanca, Fars\u00e7a, Arap\u00e7a gibi ek diller b\u00fcy\u00fck avantajd\u0131r)<\/span><\/li>\n<li><i class=\"bi bi-check-lg\"><\/i><span class=\"barana-list-text\">G\u00fc\u00e7l\u00fc ileti\u015fim ve sat\u0131\u015f\/m\u00fczakere becerilerine sahip olmas\u0131<\/span><\/li>\n<li><i class=\"bi bi-check-lg\"><\/i><span class=\"barana-list-text\">Tercihen gayrimenkul, sat\u0131\u015f veya m\u00fc\u015fteri ili\u015fkileri alan\u0131nda deneyimli olmas\u0131<\/span><\/li>\n<li><i class=\"bi bi-check-lg\"><\/i><span class=\"barana-list-text\">Prezentabl, \u00f6zg\u00fcvenli ve uluslararas\u0131 m\u00fc\u015fterilerle \u00e7al\u0131\u015fabilecek yap\u0131da olmas\u0131<\/span><\/li>\n<li><i class=\"bi bi-check-lg\"><\/i><span class=\"barana-list-text\">M\u00fc\u015fteri takibini yapabilme ve proje\/daire tur s\u00fcre\u00e7lerini y\u00f6netebilme<\/span><\/li>\n<li><i class=\"bi bi-check-lg\"><\/i><span class=\"barana-list-text\">Temel CRM bilgisine sahip olmas\u0131 (e\u011fitim verilecektir)<\/span><i class=\"bi bi-check-lg\"><\/i><\/li>\n<\/ul>\n<\/div>\n<p>[\/vc_column_text][\/vc_column][vc_column width=&#8221;1\/3&#8243;][vc_column_text]<\/p>\n<div class=\"job-box-wrapper\">\n<ul class=\"barana-list\">\n<li><span class=\"barana-list-text\">Requirements for Hiring the Media Team at New way. to create creative content for social media<\/span><\/li>\n<li><i class=\"bi bi-check-lg\"><\/i><span class=\"barana-list-text\">Must have residency through father, spouse, or UAE Golden Visa<\/span><\/li>\n<li><i class=\"bi bi-check-lg\"><\/i><span class=\"barana-list-text\">Fluent in English at a conversational level<\/span><\/li>\n<li><i class=\"bi bi-check-lg\"><\/i><span class=\"barana-list-text\">Preferably has experience in content creation in the Dubai real estate market<\/span><\/li>\n<li><i class=\"bi bi-check-lg\"><\/i><span class=\"barana-list-text\">Knowledge of video editing and proficiency in related software<\/span><\/li>\n<li><i class=\"bi bi-check-lg\"><\/i><span class=\"barana-list-text\">Premiere, Final Cut, DaVinci, and After Effects<\/span><\/li>\n<li><i class=\"bi bi-check-lg\"><\/i><span class=\"barana-list-text\">Familiarity with Photoshop software<\/span><\/li>\n<li><i class=\"bi bi-check-lg\"><\/i><span class=\"barana-list-text\">Proficient in videography and photography<\/span><\/li>\n<li><i class=\"bi bi-check-lg\"><\/i><span class=\"barana-list-text\">Effective communication skills and teamwork<\/span><\/li>\n<li><i class=\"bi bi-check-lg\"><\/i><span class=\"barana-list-text\">Ability to manage oneself and a willingness to learn<\/span><\/li>\n<\/ul>\n<\/div>\n<p>[\/vc_column_text][\/vc_column][vc_column width=&#8221;1\/3&#8243;][vc_column_text]<\/p>\n<div class=\"job-box-wrapper\">\n<ul class=\"barana-list\">\n<li><span class=\"barana-list-text\">Requirements for Hiring the Media Team at New way. to create creative content for social media<\/span><\/li>\n<li><i class=\"bi bi-check-lg\"><\/i><span class=\"barana-list-text\">Must have residency through father, spouse, or UAE Golden Visa<\/span><\/li>\n<li><i class=\"bi bi-check-lg\"><\/i><span class=\"barana-list-text\">Fluent in English at a conversational level<\/span><\/li>\n<li><i class=\"bi bi-check-lg\"><\/i><span class=\"barana-list-text\">Preferably has experience in content creation in the Dubai real estate market<\/span><\/li>\n<li><i class=\"bi bi-check-lg\"><\/i><span class=\"barana-list-text\">Knowledge of video editing and proficiency in related software<\/span><\/li>\n<li><i class=\"bi bi-check-lg\"><\/i><span class=\"barana-list-text\">Premiere, Final Cut, DaVinci, and After Effects<\/span><\/li>\n<li><i class=\"bi bi-check-lg\"><\/i><span class=\"barana-list-text\">Familiarity with Photoshop software<\/span><\/li>\n<li><i class=\"bi bi-check-lg\"><\/i><span class=\"barana-list-text\">Proficient in videography and photography<\/span><\/li>\n<li><i class=\"bi bi-check-lg\"><\/i><span class=\"barana-list-text\">Effective communication skills and teamwork<\/span><\/li>\n<li><i class=\"bi bi-check-lg\"><\/i><span class=\"barana-list-text\">Ability to manage oneself and a willingness to learn<\/span><\/li>\n<\/ul>\n<\/div>\n<p>[\/vc_column_text][\/vc_column][\/vc_row][vc_row][vc_column]            <div class=\"col-md-12 workwithus-single-form contact-box-single-wrapper\">\n                <div class=\"row\">\n                    <div class=\"col-12 col-md-12 form-area\">\n                        <h3>L\u00fctfen \u00f6zge\u00e7mi\u015finizi istedi\u011finiz i\u015f unvan\u0131n\u0131 belirterek bize hemen g\u00f6nderin.<\/h3>\n                        \n<div class=\"wpcf7 no-js\" id=\"wpcf7-f50439-o2\" lang=\"tr-TR\" dir=\"ltr\" data-wpcf7-id=\"50439\">\n<div class=\"screen-reader-response\"><p role=\"status\" aria-live=\"polite\" aria-atomic=\"true\"><\/p> <ul><\/ul><\/div>\n<form action=\"\/tr\/wp-json\/wp\/v2\/pages\/28349#wpcf7-f50439-o2\" method=\"post\" class=\"wpcf7-form init\" aria-label=\"\u0130leti\u015fim Formu\" enctype=\"multipart\/form-data\" novalidate=\"novalidate\" data-status=\"init\">\n<fieldset class=\"hidden-fields-container\"><input type=\"hidden\" name=\"_wpcf7\" value=\"50439\" \/><input type=\"hidden\" name=\"_wpcf7_version\" value=\"6.1.5\" \/><input type=\"hidden\" name=\"_wpcf7_locale\" value=\"tr_TR\" \/><input type=\"hidden\" name=\"_wpcf7_unit_tag\" value=\"wpcf7-f50439-o2\" \/><input type=\"hidden\" name=\"_wpcf7_container_post\" value=\"0\" \/><input type=\"hidden\" name=\"_wpcf7_posted_data_hash\" value=\"\" \/><input type=\"hidden\" name=\"_wpcf7_recaptcha_response\" value=\"\" \/>\n<\/fieldset>\n<div class=\"row\">\n\t<div class=\"col-12 col-md-6\">\n\t\t<p><span class=\"wpcf7-form-control-wrap\" data-name=\"your-name\"><input size=\"40\" maxlength=\"400\" class=\"wpcf7-form-control wpcf7-text wpcf7-validates-as-required\" aria-required=\"true\" aria-invalid=\"false\" placeholder=\"\u0130sim\" value=\"\" type=\"text\" name=\"your-name\" \/><\/span>\n\t\t<\/p>\n\t<\/div>\n\t<div class=\"col-12 col-md-6\">\n\t\t<p><span class=\"wpcf7-form-control-wrap\" data-name=\"your-email\"><input size=\"40\" maxlength=\"400\" class=\"wpcf7-form-control wpcf7-email wpcf7-validates-as-required wpcf7-text wpcf7-validates-as-email\" autocomplete=\"email\" aria-required=\"true\" aria-invalid=\"false\" placeholder=\"E-posta\" value=\"\" type=\"email\" name=\"your-email\" \/><\/span>\n\t\t<\/p>\n\t<\/div>\n\t<div class=\"col-12 col-md-6\">\n\t\t<p><span class=\"wpcf7-form-control-wrap\" data-name=\"your-phone\"><input size=\"40\" class=\"wpcf7-form-control wpcf7-phonetext wpcf7-validates-as-required wpcf7-text wpcf7-validates-as-phonetext\" autocomplete=\"tel\" aria-required=\"true\" aria-invalid=\"false\" placeholder=\"Telefon Numaras\u0131\" value=\"\" type=\"text\" name=\"your-phone\" \/><input type=\"hidden\" name=\"your-phone-country-code\" class=\"wpcf7-phonetext-country-code\" \/><\/span>\n\t\t<\/p>\n\t<\/div>\n\t<div class=\"col-12 col-md-6\">\n\t\t<p><span class=\"wpcf7-form-control-wrap\" data-name=\"type\"><select class=\"wpcf7-form-control wpcf7-select\" aria-invalid=\"false\" name=\"type\"><option value=\"Bir \u0130\u015f Unvan\u0131 Se\u00e7mek\">Bir \u0130\u015f Unvan\u0131 Se\u00e7mek<\/option><option value=\"Gayrimenkul Dan\u0131\u015fman\u0131\">Gayrimenkul Dan\u0131\u015fman\u0131<\/option><option value=\"CRM Uzman\u0131\">CRM Uzman\u0131<\/option><option value=\"Medya (\u0130\u00e7erik Olu\u015fturma)\">Medya (\u0130\u00e7erik Olu\u015fturma)<\/option><\/select><\/span>\n\t\t<\/p>\n\t<\/div>\n\t<div class=\"col-12\">\n\t\t<p><span class=\"wpcf7-form-control-wrap\" data-name=\"your-data\"><input size=\"40\" maxlength=\"400\" class=\"wpcf7-form-control wpcf7-text\" aria-invalid=\"false\" value=\"\" type=\"text\" name=\"your-data\" \/><\/span>\n\t\t<\/p>\n\t<\/div>\n\t<div class=\"col-12 col-md-6\">\n\t\t<p><small class=\"butonuplodad\">\u00d6zge\u00e7mi\u015finizi y\u00fckleyin (PDF) <i class=\"fas fa-upload\"><\/i><\/small><br \/>\n<span class=\"wpcf7-form-control-wrap\" data-name=\"upload\"><input size=\"40\" class=\"wpcf7-form-control wpcf7-file wpcf7-validates-as-required\" accept=\"application\/pdf\" aria-required=\"true\" aria-invalid=\"false\" type=\"file\" name=\"upload\" \/><\/span>\n\t\t<\/p>\n\t<\/div>\n\t<div class=\"col-12 col-md-6 text-right\">\n\t\t<p><input class=\"wpcf7-form-control wpcf7-submit has-spinner\" type=\"submit\" value=\"G\u00f6nder\" \/>\n\t\t<\/p>\n\t<\/div>\n<\/div><div class=\"wpcf7-response-output\" aria-hidden=\"true\"><\/div>\n<\/form>\n<\/div>\n\n                    <\/div>\n                <\/div>\n            <\/div>\n\n            <style>\n                .workwithus-single-form .form-area h3 {\n                        color: #fff;\n    margin-bottom: 44px;\n                }\n\n                .workwithus-single-form .form-area .barana-section-title-subtitle {\n                    display: inline-block;\n                    margin-bottom: 10px;\n                    font-size: 14px;\n                    color: rgba(255, 255, 255, 1);\n                    font-size: 16px;\n                }\n                .workwithus-single-form .form-area .barana-section-title-title {\n                    display: inline-block;\n                    margin-bottom: 0;\n                    font-weight: 600;\n                    color: rgba(255, 255, 255, 1);\n                    font-size: 42px;\n                    margin-bottom: 17px\n                }\n                .workwithus-single-form {\n                    position: relative;\n                        background: url(https:\/\/viproyalestate.com\/wp-content\/themes\/nth-child\/image-ltr.webp);\n                        background-repeat: no-repeat;\n                        background-size: cover;\n                        background-position: left bottom;\n                        background-color: #182d4b;\n                        background-position: left;\n                        border-top-left-radius: 16px;\n                        border-top-right-radius: 16px;\n                        border-bottom-left-radius: 16px;\n                        border-bottom-right-radius: 16px;\n                        padding-left: 30px !important;\n                        padding-right: 30px !important;\n                        padding-top: 18px !important;\n                        padding-bottom: 18px !important;\n                        margin-top: 0px !important;\n                        margin-bottom: 15px !important;\n                }\n                .workwithus-single-form.contact-box-single-wrapper:before {\n                    content: \"\";\n                    position: absolute;\n                    top: 0;\n                    left: 0;\n                    height: 100%;\n                    width: 100%;\n                    background: radial-gradient(43% 90% at 100%, rgb(42 60 68 \/ 0%) 0, rgb(7 28 53 \/ 4%) 66.59%, rgb(7 28 53 \/ 50%) 99.98%), linear-gradient(-120deg, rgb(7 28 53 \/ 98%) 15%, rgb(7 28 53 \/ 5%) 62%);\n                    border-radius: 16px;\n                }\n                .contact-box-single-wrapper.workwithus-single-form  .info-area {\n                        position: relative;\n                    background: none;\n                    border-top-left-radius: 16px;\n                    border-top-right-radius: 16px;\n                    border-bottom-left-radius: 16px;\n                    border-bottom-right-radius: 16px;\n                    padding-left: 30px !important;\n                    padding-right: 30px !important;\n                    padding-top: 30px !important;\n                    padding-bottom: 30px !important;\n                }\n\n                .workwithus-single-form .form-area {  }\n                .workwithus-single-form .form-area .wpcf7-form input[type=text],\n                .workwithus-single-form .form-area .wpcf7-form input[type=email],\n                .workwithus-single-form .form-area .wpcf7-form select,\n                .workwithus-single-form .form-area .wpcf7-form textarea {\n                    border-radius: 5px;\n                    background: #ffffff;\n                    color: #fff;\n                    border: 1px solid #d4d4d4;\n                    max-height: 100px;\n                }\n                .workwithus-single-form .form-area .wpcf7-form textarea  {\n                    margin-top:8px;\n                }\n                .workwithus-single-form .form-area .hidden-fields-container + p {\n                    display: none;\n                }\n                @media only screen and (min-width: 992px) {\n                .workwithus-single-form .form-area {\n                    padding: 15px 45px;\n                }\n                }\n                .workwithus-single-form .form-area .wpcf7-form input[type=text]::placeholder,\n                .workwithus-single-form .form-area .wpcf7-form input[type=email]::placeholder,\n                .workwithus-single-form .form-area .wpcf7-form textarea::placeholder {\n                    color:#d4d4d4;\n                }\n\n                .workwithus-single-form .form-area .wpcf7-list-item-label {\n                      color:#d4d4d4;\n                      margin: 0px 5px;\n                }\n                .workwithus-single-form .form-area br {\n                    display: none;\n                }\n\n                .workwithus-single-form .form-area [type=\"submit\"].wpcf7-submit{\n                   border-radius: 5px;\n                    background: #00aeef !important;\n                    border-color: #00aeef !important;\n                    color: #fff !important;\n                    padding: 17px 40px;\n                    font-size: 16px;\n                    line-height: 22px !important;\n                    outline: none !important;\n                    box-shadow: none;\n                }\n                .butonuplodad {\n                        border-radius: 5px;\n                    background: #00aeef !important;\n                    border-color: #00aeef !important;\n                    color: #fff !important;\n                    padding: 17px 40px;\n                    font-size: 16px;\n                    line-height: 22px !important;\n                    outline: none !important;\n                   margin-top: 5px;\n                    display: inline-block;\n                }\n                .workwithus-single-form [data-name=\"upload\"] {\n                    margin-top: -24px;\n                     opacity: 0;\n                }\n\n            <\/style>\n    [\/vc_column][\/vc_row]<\/p>","protected":false},"excerpt":{"rendered":"<p>[vc_row full_width=&#8221;stretch_row_content_no_spaces&#8221; parallax=&#8221;content-moving&#8221; parallax_image=&#8221;50252&#8243; el_id=&#8221;p-header&#8221;][vc_column][vc_empty_space height=&#8221;150px&#8221;][vc_row_inner el_class=&#8221;container&#8221;][vc_column_inner][vc_custom_heading text=&#8221;Vip Royal Estate is hiring in Antalya!&#8221; font_container=&#8221;tag:h2|font_size:45px|text_align:left&#8221; use_theme_fonts=&#8221;yes&#8221;][\/vc_column_inner][\/vc_row_inner][vc_empty_space height=&#8221;150px&#8221;][\/vc_column][\/vc_row][vc_row][vc_column][vc_custom_heading text=&#8221;Job Descriptions for Real Estate Positions at Vip Royal Antalya&#8221; font_container=&#8221;tag:h2|text_align:left|color:%23000000&#8243; use_theme_fonts=&#8221;yes&#8221;][vc_column_text]Vip Royal Estate is hiring Antalya residents to complete its team.[\/vc_column_text][\/vc_column][\/vc_row][vc_row][vc_column width=&#8221;1\/3&#8243;][vc_column_text] Gayrimenkul Dan\u0131\u015fman\u0131 Al\u0131m \u015eartlar\u0131 Antalya\u2019da ikamet etmesi veya Antalya\u2019ya ta\u015f\u0131nmaya istekli olmas\u0131 \u0130ngilizce veya Rus\u00e7a [&hellip;]<\/p>\n","protected":false},"author":5,"featured_media":0,"parent":0,"menu_order":0,"comment_status":"closed","ping_status":"closed","template":"","meta":{"inline_featured_image":false,"footnotes":""},"class_list":["post-28349","page","type-page","status-publish","hentry"],"_links":{"self":[{"href":"https:\/\/viproyalestate.com\/tr\/wp-json\/wp\/v2\/pages\/28349","targetHints":{"allow":["GET"]}}],"collection":[{"href":"https:\/\/viproyalestate.com\/tr\/wp-json\/wp\/v2\/pages"}],"about":[{"href":"https:\/\/viproyalestate.com\/tr\/wp-json\/wp\/v2\/types\/page"}],"author":[{"embeddable":true,"href":"https:\/\/viproyalestate.com\/tr\/wp-json\/wp\/v2\/users\/5"}],"replies":[{"embeddable":true,"href":"https:\/\/viproyalestate.com\/tr\/wp-json\/wp\/v2\/comments?post=28349"}],"version-history":[{"count":14,"href":"https:\/\/viproyalestate.com\/tr\/wp-json\/wp\/v2\/pages\/28349\/revisions"}],"predecessor-version":[{"id":54360,"href":"https:\/\/viproyalestate.com\/tr\/wp-json\/wp\/v2\/pages\/28349\/revisions\/54360"}],"wp:attachment":[{"href":"https:\/\/viproyalestate.com\/tr\/wp-json\/wp\/v2\/media?parent=28349"}],"curies":[{"name":"wp","href":"https:\/\/api.w.org\/{rel}","templated":true}]}}